{"id":22,"date":"2022-05-02T15:11:58","date_gmt":"2022-05-02T13:11:58","guid":{"rendered":"https:\/\/www.aemi-marine.com\/?page_id=22"},"modified":"2022-06-09T17:09:36","modified_gmt":"2022-06-09T15:09:36","slug":"mentions-legales","status":"publish","type":"page","link":"https:\/\/www.aemi-marine.com\/en\/mentions-legales\/","title":{"rendered":"Legal information"},"content":{"rendered":"<p><strong>Company name<\/strong>\u00a0:APPLICATIONS ELECTRONIQUES MARITIMES ET INDUSTRIELLES (A.E.M.I.)<br><strong>Headquarters<\/strong>\u00a0: 8, Rue des Compagnons<br><strong>RCS<\/strong>\u00a0: Caen B 354 047 532<br><strong>Legal form<\/strong>\u00a0: SAS<br><strong>Phone<\/strong>\u00a0: +33 (0) 261 45 29 76<\/p>\n\n\n\n<p><strong>Director of Publication:<\/strong>&nbsp;Jean-Luc CHABAUD<\/p>\n\n\n\n<h2 class=\"wp-block-heading\">Hosting :<\/h2>\n\n\n\n<p>Administration, gestion et maintenance de l&rsquo;h\u00e9bergement: Netskiss sarl &#8211; 58 av. Pierre Berthelot 14000 CAEN &#8211;<br>Phone : 02 31 52 03 06<br>Website hosting: Gandi sas - 15 place de la Nation 75011 Paris - T\u00e9l: 01 43 73 78 51<\/p>\n\n\n\n<h2 class=\"wp-block-heading\">Design &amp; production, webmaster:<\/h2>\n\n\n\n<p>AEMI (Applications \u00c9lectroniques Maritimes Industrielles) \u2013 8 rue des compagnons \u2013 14000 Caen \u2013 Phone : 02 61 45 29 76<\/p>\n\n\n\n<h2 class=\"wp-block-heading\">Intellectual Property:<\/h2>\n\n\n\n<p>The elements contained in this site, such as sounds, images, photographs, videos, writings, animations, programs, graphic charter, utilities, databases, software, are protected by the provisions of the Intellectual Property Code and belong to AEMI.<\/p>\n\n\n\n<p>The user is prohibited from infringing the intellectual property rights relating to these elements and in particular from reproducing, representing, modifying, adapting, translating, extracting and\/or reusing a qualitatively or quantitatively substantial part of them, with the exception of the acts necessary for their normal and proper use.<\/p>\n\n\n\n<h2 class=\"wp-block-heading\">Personal data<\/h2>\n\n\n\n<p>The user of this site is informed that, during his navigation on the site www.aemi-marine.com, personal data concerning him are collected and processed.<\/p>\n\n\n\n<p>The User of the Site is informed that his data :<br>- are collected in a fair and lawful manner,<br>- are collected for specific, explicit and legitimate purposes,<br>- will not be further processed in a manner incompatible with these purposes,<br>- are adequate, relevant and not excessive in relation to the purposes for which they are collected and further processed,<br>- are accurate and complete,<br>- are kept in a form that allows the identification of the data subjects for no longer than is necessary for the purposes for which they are collected and processed.<\/p>","protected":false},"excerpt":{"rendered":"<p>Raison sociale\u00a0:APPLICATIONS ELECTRONIQUES MARITIMES ET INDUSTRIELLES (A.E.M.I.)Si\u00e8ge social\u00a0: 8, Rue des CompagnonsRCS\u00a0: Caen B 354 047 532Forme juridique\u00a0: SAST\u00e9l\u00e9phone\u00a0: +33 (0) 261 45 29 76 Directeur de la publication :&nbsp;Jean-Luc CHABAUD H\u00e9bergement : Administration, gestion et maintenance de l&rsquo;h\u00e9bergement: Netskiss sarl &#8211; 58 av. Pierre Berthelot 14000 CAEN &#8211;T\u00e9l: 02 31 52 03 06H\u00e9bergement du&#8230;<\/p>","protected":false},"author":1,"featured_media":0,"parent":0,"menu_order":0,"comment_status":"closed","ping_status":"closed","template":"","meta":{"_kad_post_transparent":"default","_kad_post_title":"show","_kad_post_layout":"normal","_kad_post_sidebar_id":"","_kad_post_content_style":"boxed","_kad_post_vertical_padding":"show","_kad_post_feature":"default","_kad_post_feature_position":"","_kad_post_header":false,"_kad_post_footer":false,"footnotes":""},"class_list":["post-22","page","type-page","status-publish","hentry"],"yoast_head":"<!-- This site is optimized with the Yoast SEO plugin v27.5 - https:\/\/yoast.com\/product\/yoast-seo-wordpress\/ -->\n<title>Mentions l\u00e9gales - AEMI (Applications Electroniques Maritimes et Industrielles)<\/title>\n<meta name=\"robots\" content=\"index, follow, max-snippet:-1, max-image-preview:large, max-video-preview:-1\" \/>\n<link rel=\"canonical\" href=\"https:\/\/www.aemi-marine.com\/en\/mentions-legales\/\" \/>\n<meta property=\"og:locale\" content=\"en_US\" \/>\n<meta property=\"og:type\" content=\"article\" \/>\n<meta property=\"og:title\" content=\"Mentions l\u00e9gales - AEMI (Applications Electroniques Maritimes et Industrielles)\" \/>\n<meta property=\"og:description\" content=\"Raison sociale\u00a0:APPLICATIONS ELECTRONIQUES MARITIMES ET INDUSTRIELLES (A.E.M.I.)Si\u00e8ge social\u00a0: 8, Rue des CompagnonsRCS\u00a0: Caen B 354 047 532Forme juridique\u00a0: SAST\u00e9l\u00e9phone\u00a0: +33 (0) 261 45 29 76 Directeur de la publication :&nbsp;Jean-Luc CHABAUD H\u00e9bergement : Administration, gestion et maintenance de l&rsquo;h\u00e9bergement: Netskiss sarl &#8211; 58 av. Pierre Berthelot 14000 CAEN &#8211;T\u00e9l: 02 31 52 03 06H\u00e9bergement du...\" \/>\n<meta property=\"og:url\" content=\"https:\/\/www.aemi-marine.com\/en\/mentions-legales\/\" \/>\n<meta property=\"og:site_name\" content=\"AEMI (Applications Electroniques Maritimes et Industrielles)\" \/>\n<meta property=\"article:modified_time\" content=\"2022-06-09T15:09:36+00:00\" \/>\n<meta name=\"twitter:card\" content=\"summary_large_image\" \/>\n<meta name=\"twitter:label1\" content=\"Est. reading time\" \/>\n\t<meta name=\"twitter:data1\" content=\"2 minutes\" \/>\n<script type=\"application\/ld+json\" class=\"yoast-schema-graph\">{\"@context\":\"https:\\\/\\\/schema.org\",\"@graph\":[{\"@type\":\"WebPage\",\"@id\":\"https:\\\/\\\/www.aemi-marine.com\\\/mentions-legales\\\/\",\"url\":\"https:\\\/\\\/www.aemi-marine.com\\\/mentions-legales\\\/\",\"name\":\"Mentions l\u00e9gales - AEMI (Applications Electroniques Maritimes et Industrielles)\",\"isPartOf\":{\"@id\":\"https:\\\/\\\/www.aemi-marine.com\\\/#website\"},\"datePublished\":\"2022-05-02T13:11:58+00:00\",\"dateModified\":\"2022-06-09T15:09:36+00:00\",\"breadcrumb\":{\"@id\":\"https:\\\/\\\/www.aemi-marine.com\\\/mentions-legales\\\/#breadcrumb\"},\"inLanguage\":\"en-US\",\"potentialAction\":[{\"@type\":\"ReadAction\",\"target\":[\"https:\\\/\\\/www.aemi-marine.com\\\/mentions-legales\\\/\"]}]},{\"@type\":\"BreadcrumbList\",\"@id\":\"https:\\\/\\\/www.aemi-marine.com\\\/mentions-legales\\\/#breadcrumb\",\"itemListElement\":[{\"@type\":\"ListItem\",\"position\":1,\"name\":\"Accueil\",\"item\":\"https:\\\/\\\/www.aemi-marine.com\\\/\"},{\"@type\":\"ListItem\",\"position\":2,\"name\":\"Mentions l\u00e9gales\"}]},{\"@type\":\"WebSite\",\"@id\":\"https:\\\/\\\/www.aemi-marine.com\\\/#website\",\"url\":\"https:\\\/\\\/www.aemi-marine.com\\\/\",\"name\":\"AEMI (Applications Electroniques Maritimes et Industrielles)\",\"description\":\"\",\"publisher\":{\"@id\":\"https:\\\/\\\/www.aemi-marine.com\\\/#organization\"},\"potentialAction\":[{\"@type\":\"SearchAction\",\"target\":{\"@type\":\"EntryPoint\",\"urlTemplate\":\"https:\\\/\\\/www.aemi-marine.com\\\/?s={search_term_string}\"},\"query-input\":{\"@type\":\"PropertyValueSpecification\",\"valueRequired\":true,\"valueName\":\"search_term_string\"}}],\"inLanguage\":\"en-US\"},{\"@type\":\"Organization\",\"@id\":\"https:\\\/\\\/www.aemi-marine.com\\\/#organization\",\"name\":\"AEMI (Applications Electroniques Maritimes et Industrielles)\",\"url\":\"https:\\\/\\\/www.aemi-marine.com\\\/\",\"logo\":{\"@type\":\"ImageObject\",\"inLanguage\":\"en-US\",\"@id\":\"https:\\\/\\\/www.aemi-marine.com\\\/#\\\/schema\\\/logo\\\/image\\\/\",\"url\":\"https:\\\/\\\/www.aemi-marine.com\\\/wp-content\\\/uploads\\\/2022\\\/05\\\/cropped-Bleu-Clair-Cercle-Entreprise-Logo-1.png\",\"contentUrl\":\"https:\\\/\\\/www.aemi-marine.com\\\/wp-content\\\/uploads\\\/2022\\\/05\\\/cropped-Bleu-Clair-Cercle-Entreprise-Logo-1.png\",\"width\":500,\"height\":211,\"caption\":\"AEMI (Applications Electroniques Maritimes et Industrielles)\"},\"image\":{\"@id\":\"https:\\\/\\\/www.aemi-marine.com\\\/#\\\/schema\\\/logo\\\/image\\\/\"}}]}<\/script>\n<!-- \/ Yoast SEO plugin. -->","yoast_head_json":{"title":"Mentions l\u00e9gales - AEMI (Applications Electroniques Maritimes et Industrielles)","robots":{"index":"index","follow":"follow","max-snippet":"max-snippet:-1","max-image-preview":"max-image-preview:large","max-video-preview":"max-video-preview:-1"},"canonical":"https:\/\/www.aemi-marine.com\/en\/mentions-legales\/","og_locale":"en_US","og_type":"article","og_title":"Mentions l\u00e9gales - AEMI (Applications Electroniques Maritimes et Industrielles)","og_description":"Raison sociale\u00a0:APPLICATIONS ELECTRONIQUES MARITIMES ET INDUSTRIELLES (A.E.M.I.)Si\u00e8ge social\u00a0: 8, Rue des CompagnonsRCS\u00a0: Caen B 354 047 532Forme juridique\u00a0: SAST\u00e9l\u00e9phone\u00a0: +33 (0) 261 45 29 76 Directeur de la publication :&nbsp;Jean-Luc CHABAUD H\u00e9bergement : Administration, gestion et maintenance de l&rsquo;h\u00e9bergement: Netskiss sarl &#8211; 58 av. Pierre Berthelot 14000 CAEN &#8211;T\u00e9l: 02 31 52 03 06H\u00e9bergement du...","og_url":"https:\/\/www.aemi-marine.com\/en\/mentions-legales\/","og_site_name":"AEMI (Applications Electroniques Maritimes et Industrielles)","article_modified_time":"2022-06-09T15:09:36+00:00","twitter_card":"summary_large_image","twitter_misc":{"Est. reading time":"2 minutes"},"schema":{"@context":"https:\/\/schema.org","@graph":[{"@type":"WebPage","@id":"https:\/\/www.aemi-marine.com\/mentions-legales\/","url":"https:\/\/www.aemi-marine.com\/mentions-legales\/","name":"Mentions l\u00e9gales - AEMI (Applications Electroniques Maritimes et Industrielles)","isPartOf":{"@id":"https:\/\/www.aemi-marine.com\/#website"},"datePublished":"2022-05-02T13:11:58+00:00","dateModified":"2022-06-09T15:09:36+00:00","breadcrumb":{"@id":"https:\/\/www.aemi-marine.com\/mentions-legales\/#breadcrumb"},"inLanguage":"en-US","potentialAction":[{"@type":"ReadAction","target":["https:\/\/www.aemi-marine.com\/mentions-legales\/"]}]},{"@type":"BreadcrumbList","@id":"https:\/\/www.aemi-marine.com\/mentions-legales\/#breadcrumb","itemListElement":[{"@type":"ListItem","position":1,"name":"Accueil","item":"https:\/\/www.aemi-marine.com\/"},{"@type":"ListItem","position":2,"name":"Mentions l\u00e9gales"}]},{"@type":"WebSite","@id":"https:\/\/www.aemi-marine.com\/#website","url":"https:\/\/www.aemi-marine.com\/","name":"AEMI (Applications Electroniques Maritimes et Industrielles)","description":"","publisher":{"@id":"https:\/\/www.aemi-marine.com\/#organization"},"potentialAction":[{"@type":"SearchAction","target":{"@type":"EntryPoint","urlTemplate":"https:\/\/www.aemi-marine.com\/?s={search_term_string}"},"query-input":{"@type":"PropertyValueSpecification","valueRequired":true,"valueName":"search_term_string"}}],"inLanguage":"en-US"},{"@type":"Organization","@id":"https:\/\/www.aemi-marine.com\/#organization","name":"AEMI (Applications Electroniques Maritimes et Industrielles)","url":"https:\/\/www.aemi-marine.com\/","logo":{"@type":"ImageObject","inLanguage":"en-US","@id":"https:\/\/www.aemi-marine.com\/#\/schema\/logo\/image\/","url":"https:\/\/www.aemi-marine.com\/wp-content\/uploads\/2022\/05\/cropped-Bleu-Clair-Cercle-Entreprise-Logo-1.png","contentUrl":"https:\/\/www.aemi-marine.com\/wp-content\/uploads\/2022\/05\/cropped-Bleu-Clair-Cercle-Entreprise-Logo-1.png","width":500,"height":211,"caption":"AEMI (Applications Electroniques Maritimes et Industrielles)"},"image":{"@id":"https:\/\/www.aemi-marine.com\/#\/schema\/logo\/image\/"}}]}},"_links":{"self":[{"href":"https:\/\/www.aemi-marine.com\/en\/wp-json\/wp\/v2\/pages\/22","targetHints":{"allow":["GET"]}}],"collection":[{"href":"https:\/\/www.aemi-marine.com\/en\/wp-json\/wp\/v2\/pages"}],"about":[{"href":"https:\/\/www.aemi-marine.com\/en\/wp-json\/wp\/v2\/types\/page"}],"author":[{"embeddable":true,"href":"https:\/\/www.aemi-marine.com\/en\/wp-json\/wp\/v2\/users\/1"}],"replies":[{"embeddable":true,"href":"https:\/\/www.aemi-marine.com\/en\/wp-json\/wp\/v2\/comments?post=22"}],"version-history":[{"count":6,"href":"https:\/\/www.aemi-marine.com\/en\/wp-json\/wp\/v2\/pages\/22\/revisions"}],"predecessor-version":[{"id":2123,"href":"https:\/\/www.aemi-marine.com\/en\/wp-json\/wp\/v2\/pages\/22\/revisions\/2123"}],"wp:attachment":[{"href":"https:\/\/www.aemi-marine.com\/en\/wp-json\/wp\/v2\/media?parent=22"}],"curies":[{"name":"wp","href":"https:\/\/api.w.org\/{rel}","templated":true}]}}