{"id":3,"date":"2022-05-02T10:42:53","date_gmt":"2022-05-02T08:42:53","guid":{"rendered":"https:\/\/www.aemi-marine.com\/?page_id=3"},"modified":"2022-05-05T10:17:06","modified_gmt":"2022-05-05T08:17:06","slug":"politique-de-confidentialite","status":"publish","type":"page","link":"https:\/\/www.aemi-marine.com\/en\/politique-de-confidentialite\/","title":{"rendered":"Privacy Policy"},"content":{"rendered":"<h2 class=\"wp-block-heading\">Who are we?<\/h2>\r\n\r\n\r\n\r\n<p><strong class=\"privacy-policy-tutorial\"> <\/strong>Our website address is: https:\/\/www.aemi-marine.com.<\/p>\r\n\r\n\r\n\r\n<h2 class=\"wp-block-heading\">Comments<\/h2>\r\n\r\n\r\n\r\n<p>When you leave a comment on our site, the data entered in the comment form, as well as your IP address and browser user agent, is collected to help us detect unwanted comments.<\/p>\r\n\r\n\r\n\r\n<p>An anonymized string created from your email address (also called a hash) can be sent to the Gravatar service to verify your use of the service. The privacy policy of the Gravatar service is available here: https:\/\/automattic.com\/privacy\/. After validation of your comment, your profile picture will be publicly visible next to your comment.<\/p>\r\n\r\n\r\n\r\n<h2 class=\"wp-block-heading\">Media<\/h2>\r\n\r\n\r\n\r\n<p>If you upload images to the site, we recommend that you avoid uploading images that contain EXIF data of GPS coordinates. People visiting your site can download and extract location data from these images.<\/p>\r\n\r\n\r\n\r\n<h2 class=\"wp-block-heading\">Cookies<\/h2>\r\n\r\n\r\n\r\n<p>If you leave a comment on our site, you will be asked to save your name, email address, and site in cookies. This is only for your convenience so that you do not have to enter this information if you leave another comment later. These cookies expire after one year.<\/p>\r\n\r\n\r\n\r\n<p>If you go to the login page, a temporary cookie will be created to determine if your browser accepts cookies. It does not contain any personal data and will be deleted automatically when you close your browser.<\/p>\r\n\r\n\r\n\r\n<p>When you log in, we will set a number of cookies to record your login information and screen preferences. The lifetime of a login cookie is two days, and the lifetime of a screen preference cookie is one year. If you check \"Remember me\", your login cookie will be retained for two weeks. If you log out of your account, the login cookie will be deleted.<\/p>\r\n\r\n\r\n\r\n<p>By editing or publishing a publication, an additional cookie will be stored in your browser. This cookie does not include any personal information. It simply indicates the ID of the publication you just edited. It expires after one day.<\/p>\r\n\r\n\r\n\r\n<h2 class=\"wp-block-heading\">Embedded content from other sites<\/h2>\r\n\r\n\r\n\r\n<p>Articles on this site may include embedded content (e.g. videos, images, articles...). Embedded content from other sites behaves in the same way as if the visitor were on that other site.<\/p>\r\n\r\n\r\n\r\n<p>These websites may collect data about you, use cookies, embed third-party tracking tools, track your interactions with these embedded contents if you have a logged-in account on their website.<\/p>\r\n\r\n\r\n\r\n<h2 class=\"wp-block-heading\">Use and transmission of your personal data<\/h2>\r\n\r\n\r\n\r\n<p>If you request a password reset, your IP address will be included in the reset email.<\/p>\r\n\r\n\r\n\r\n<h2 class=\"wp-block-heading\">How long your data is stored<\/h2>\r\n\r\n\r\n\r\n<p>If you leave a comment, the comment and its metadata are kept indefinitely. This allows subsequent comments to be automatically recognized and approved instead of being left in the moderation queue.<\/p>\r\n\r\n\r\n\r\n<p>For accounts that register on our site (if any), we also store the personal information listed in their profile. All accounts can view, edit, or delete their personal information at any time (except for their user ID). Site managers can also view and edit this information.<\/p>\r\n\r\n\r\n\r\n<h2 class=\"wp-block-heading\">The rights you have over your data<\/h2>\r\n\r\n\r\n\r\n<p>If you have an account or have left comments on the site, you may request to receive a file containing all the personal data we have about you, including the data you have provided to us. You may also request the deletion of your personal data. This does not include data stored for administrative, legal or security purposes.<\/p>\r\n\r\n\r\n\r\n<h2 class=\"wp-block-heading\">Transmission of your personal data<\/h2>\r\n\r\n\r\n\r\n<p>Visitor comments can be checked with an automated comment detection service.<\/p>","protected":false},"excerpt":{"rendered":"<p>Qui sommes-nous&nbsp;? L\u2019adresse de notre site est\u00a0: https:\/\/www.aemi-marine.com. Commentaires Quand vous laissez un commentaire sur notre site, les donn\u00e9es inscrites dans le formulaire de commentaire, ainsi que votre adresse IP et l\u2019agent utilisateur de votre navigateur sont collect\u00e9s pour nous aider \u00e0 la d\u00e9tection des commentaires ind\u00e9sirables. Une cha\u00eene anonymis\u00e9e cr\u00e9\u00e9e \u00e0 partir de votre&#8230;<\/p>","protected":false},"author":1,"featured_media":0,"parent":0,"menu_order":0,"comment_status":"closed","ping_status":"open","template":"","meta":{"_kad_post_transparent":"","_kad_post_title":"show","_kad_post_layout":"normal","_kad_post_sidebar_id":"","_kad_post_content_style":"boxed","_kad_post_vertical_padding":"show","_kad_post_feature":"","_kad_post_feature_position":"","_kad_post_header":false,"_kad_post_footer":false,"footnotes":""},"class_list":["post-3","page","type-page","status-publish","hentry"],"yoast_head":"<!-- This site is optimized with the Yoast SEO plugin v27.5 - https:\/\/yoast.com\/product\/yoast-seo-wordpress\/ -->\n<title>Politique de confidentialit\u00e9 - AEMI (Applications Electroniques Maritimes et Industrielles)<\/title>\n<meta name=\"robots\" content=\"index, follow, max-snippet:-1, max-image-preview:large, max-video-preview:-1\" \/>\n<link rel=\"canonical\" href=\"https:\/\/www.aemi-marine.com\/en\/politique-de-confidentialite\/\" \/>\n<meta property=\"og:locale\" content=\"en_US\" \/>\n<meta property=\"og:type\" content=\"article\" \/>\n<meta property=\"og:title\" content=\"Politique de confidentialit\u00e9 - AEMI (Applications Electroniques Maritimes et Industrielles)\" \/>\n<meta property=\"og:description\" content=\"Qui sommes-nous&nbsp;? L\u2019adresse de notre site est\u00a0: https:\/\/www.aemi-marine.com. Commentaires Quand vous laissez un commentaire sur notre site, les donn\u00e9es inscrites dans le formulaire de commentaire, ainsi que votre adresse IP et l\u2019agent utilisateur de votre navigateur sont collect\u00e9s pour nous aider \u00e0 la d\u00e9tection des commentaires ind\u00e9sirables. Une cha\u00eene anonymis\u00e9e cr\u00e9\u00e9e \u00e0 partir de votre...\" \/>\n<meta property=\"og:url\" content=\"https:\/\/www.aemi-marine.com\/en\/politique-de-confidentialite\/\" \/>\n<meta property=\"og:site_name\" content=\"AEMI (Applications Electroniques Maritimes et Industrielles)\" \/>\n<meta property=\"article:modified_time\" content=\"2022-05-05T08:17:06+00:00\" \/>\n<meta name=\"twitter:card\" content=\"summary_large_image\" \/>\n<meta name=\"twitter:label1\" content=\"Est. reading time\" \/>\n\t<meta name=\"twitter:data1\" content=\"4 minutes\" \/>\n<script type=\"application\/ld+json\" class=\"yoast-schema-graph\">{\"@context\":\"https:\\\/\\\/schema.org\",\"@graph\":[{\"@type\":\"WebPage\",\"@id\":\"https:\\\/\\\/www.aemi-marine.com\\\/politique-de-confidentialite\\\/\",\"url\":\"https:\\\/\\\/www.aemi-marine.com\\\/politique-de-confidentialite\\\/\",\"name\":\"Politique de confidentialit\u00e9 - AEMI (Applications Electroniques Maritimes et Industrielles)\",\"isPartOf\":{\"@id\":\"https:\\\/\\\/www.aemi-marine.com\\\/#website\"},\"datePublished\":\"2022-05-02T08:42:53+00:00\",\"dateModified\":\"2022-05-05T08:17:06+00:00\",\"breadcrumb\":{\"@id\":\"https:\\\/\\\/www.aemi-marine.com\\\/politique-de-confidentialite\\\/#breadcrumb\"},\"inLanguage\":\"en-US\",\"potentialAction\":[{\"@type\":\"ReadAction\",\"target\":[\"https:\\\/\\\/www.aemi-marine.com\\\/politique-de-confidentialite\\\/\"]}]},{\"@type\":\"BreadcrumbList\",\"@id\":\"https:\\\/\\\/www.aemi-marine.com\\\/politique-de-confidentialite\\\/#breadcrumb\",\"itemListElement\":[{\"@type\":\"ListItem\",\"position\":1,\"name\":\"Accueil\",\"item\":\"https:\\\/\\\/www.aemi-marine.com\\\/\"},{\"@type\":\"ListItem\",\"position\":2,\"name\":\"Politique de confidentialit\u00e9\"}]},{\"@type\":\"WebSite\",\"@id\":\"https:\\\/\\\/www.aemi-marine.com\\\/#website\",\"url\":\"https:\\\/\\\/www.aemi-marine.com\\\/\",\"name\":\"AEMI (Applications Electroniques Maritimes et Industrielles)\",\"description\":\"\",\"publisher\":{\"@id\":\"https:\\\/\\\/www.aemi-marine.com\\\/#organization\"},\"potentialAction\":[{\"@type\":\"SearchAction\",\"target\":{\"@type\":\"EntryPoint\",\"urlTemplate\":\"https:\\\/\\\/www.aemi-marine.com\\\/?s={search_term_string}\"},\"query-input\":{\"@type\":\"PropertyValueSpecification\",\"valueRequired\":true,\"valueName\":\"search_term_string\"}}],\"inLanguage\":\"en-US\"},{\"@type\":\"Organization\",\"@id\":\"https:\\\/\\\/www.aemi-marine.com\\\/#organization\",\"name\":\"AEMI (Applications Electroniques Maritimes et Industrielles)\",\"url\":\"https:\\\/\\\/www.aemi-marine.com\\\/\",\"logo\":{\"@type\":\"ImageObject\",\"inLanguage\":\"en-US\",\"@id\":\"https:\\\/\\\/www.aemi-marine.com\\\/#\\\/schema\\\/logo\\\/image\\\/\",\"url\":\"https:\\\/\\\/www.aemi-marine.com\\\/wp-content\\\/uploads\\\/2022\\\/05\\\/cropped-Bleu-Clair-Cercle-Entreprise-Logo-1.png\",\"contentUrl\":\"https:\\\/\\\/www.aemi-marine.com\\\/wp-content\\\/uploads\\\/2022\\\/05\\\/cropped-Bleu-Clair-Cercle-Entreprise-Logo-1.png\",\"width\":500,\"height\":211,\"caption\":\"AEMI (Applications Electroniques Maritimes et Industrielles)\"},\"image\":{\"@id\":\"https:\\\/\\\/www.aemi-marine.com\\\/#\\\/schema\\\/logo\\\/image\\\/\"}}]}<\/script>\n<!-- \/ Yoast SEO plugin. -->","yoast_head_json":{"title":"Politique de confidentialit\u00e9 - AEMI (Applications Electroniques Maritimes et Industrielles)","robots":{"index":"index","follow":"follow","max-snippet":"max-snippet:-1","max-image-preview":"max-image-preview:large","max-video-preview":"max-video-preview:-1"},"canonical":"https:\/\/www.aemi-marine.com\/en\/politique-de-confidentialite\/","og_locale":"en_US","og_type":"article","og_title":"Politique de confidentialit\u00e9 - AEMI (Applications Electroniques Maritimes et Industrielles)","og_description":"Qui sommes-nous&nbsp;? L\u2019adresse de notre site est\u00a0: https:\/\/www.aemi-marine.com. Commentaires Quand vous laissez un commentaire sur notre site, les donn\u00e9es inscrites dans le formulaire de commentaire, ainsi que votre adresse IP et l\u2019agent utilisateur de votre navigateur sont collect\u00e9s pour nous aider \u00e0 la d\u00e9tection des commentaires ind\u00e9sirables. Une cha\u00eene anonymis\u00e9e cr\u00e9\u00e9e \u00e0 partir de votre...","og_url":"https:\/\/www.aemi-marine.com\/en\/politique-de-confidentialite\/","og_site_name":"AEMI (Applications Electroniques Maritimes et Industrielles)","article_modified_time":"2022-05-05T08:17:06+00:00","twitter_card":"summary_large_image","twitter_misc":{"Est. reading time":"4 minutes"},"schema":{"@context":"https:\/\/schema.org","@graph":[{"@type":"WebPage","@id":"https:\/\/www.aemi-marine.com\/politique-de-confidentialite\/","url":"https:\/\/www.aemi-marine.com\/politique-de-confidentialite\/","name":"Politique de confidentialit\u00e9 - AEMI (Applications Electroniques Maritimes et Industrielles)","isPartOf":{"@id":"https:\/\/www.aemi-marine.com\/#website"},"datePublished":"2022-05-02T08:42:53+00:00","dateModified":"2022-05-05T08:17:06+00:00","breadcrumb":{"@id":"https:\/\/www.aemi-marine.com\/politique-de-confidentialite\/#breadcrumb"},"inLanguage":"en-US","potentialAction":[{"@type":"ReadAction","target":["https:\/\/www.aemi-marine.com\/politique-de-confidentialite\/"]}]},{"@type":"BreadcrumbList","@id":"https:\/\/www.aemi-marine.com\/politique-de-confidentialite\/#breadcrumb","itemListElement":[{"@type":"ListItem","position":1,"name":"Accueil","item":"https:\/\/www.aemi-marine.com\/"},{"@type":"ListItem","position":2,"name":"Politique de confidentialit\u00e9"}]},{"@type":"WebSite","@id":"https:\/\/www.aemi-marine.com\/#website","url":"https:\/\/www.aemi-marine.com\/","name":"AEMI (Applications Electroniques Maritimes et Industrielles)","description":"","publisher":{"@id":"https:\/\/www.aemi-marine.com\/#organization"},"potentialAction":[{"@type":"SearchAction","target":{"@type":"EntryPoint","urlTemplate":"https:\/\/www.aemi-marine.com\/?s={search_term_string}"},"query-input":{"@type":"PropertyValueSpecification","valueRequired":true,"valueName":"search_term_string"}}],"inLanguage":"en-US"},{"@type":"Organization","@id":"https:\/\/www.aemi-marine.com\/#organization","name":"AEMI (Applications Electroniques Maritimes et Industrielles)","url":"https:\/\/www.aemi-marine.com\/","logo":{"@type":"ImageObject","inLanguage":"en-US","@id":"https:\/\/www.aemi-marine.com\/#\/schema\/logo\/image\/","url":"https:\/\/www.aemi-marine.com\/wp-content\/uploads\/2022\/05\/cropped-Bleu-Clair-Cercle-Entreprise-Logo-1.png","contentUrl":"https:\/\/www.aemi-marine.com\/wp-content\/uploads\/2022\/05\/cropped-Bleu-Clair-Cercle-Entreprise-Logo-1.png","width":500,"height":211,"caption":"AEMI (Applications Electroniques Maritimes et Industrielles)"},"image":{"@id":"https:\/\/www.aemi-marine.com\/#\/schema\/logo\/image\/"}}]}},"_links":{"self":[{"href":"https:\/\/www.aemi-marine.com\/en\/wp-json\/wp\/v2\/pages\/3","targetHints":{"allow":["GET"]}}],"collection":[{"href":"https:\/\/www.aemi-marine.com\/en\/wp-json\/wp\/v2\/pages"}],"about":[{"href":"https:\/\/www.aemi-marine.com\/en\/wp-json\/wp\/v2\/types\/page"}],"author":[{"embeddable":true,"href":"https:\/\/www.aemi-marine.com\/en\/wp-json\/wp\/v2\/users\/1"}],"replies":[{"embeddable":true,"href":"https:\/\/www.aemi-marine.com\/en\/wp-json\/wp\/v2\/comments?post=3"}],"version-history":[{"count":2,"href":"https:\/\/www.aemi-marine.com\/en\/wp-json\/wp\/v2\/pages\/3\/revisions"}],"predecessor-version":[{"id":314,"href":"https:\/\/www.aemi-marine.com\/en\/wp-json\/wp\/v2\/pages\/3\/revisions\/314"}],"wp:attachment":[{"href":"https:\/\/www.aemi-marine.com\/en\/wp-json\/wp\/v2\/media?parent=3"}],"curies":[{"name":"wp","href":"https:\/\/api.w.org\/{rel}","templated":true}]}}