{"id":377,"date":"2022-05-06T09:20:17","date_gmt":"2022-05-06T07:20:17","guid":{"rendered":"https:\/\/www.aemi-marine.com\/?page_id=377"},"modified":"2022-06-09T14:35:14","modified_gmt":"2022-06-09T12:35:14","slug":"radio-et-communication-interne","status":"publish","type":"page","link":"https:\/\/www.aemi-marine.com\/en\/radio-et-communication-interne\/","title":{"rendered":"Radio et Communication interne"},"content":{"rendered":"\r\n<div class=\"wp-block-cover alignfull is-light\" style=\"min-height:431px;aspect-ratio:unset;\"><span aria-hidden=\"true\" class=\"wp-block-cover__background has-background-dim\"><\/span><img loading=\"lazy\" decoding=\"async\" width=\"2560\" height=\"1920\" class=\"wp-block-cover__image-background wp-image-1297\" alt=\"\" src=\"https:\/\/www.aemi-marine.com\/wp-content\/uploads\/2022\/05\/912554976688533375-scaled.jpg\" style=\"object-position:44% 80%\" data-object-fit=\"cover\" data-object-position=\"44% 80%\" srcset=\"https:\/\/www.aemi-marine.com\/wp-content\/uploads\/2022\/05\/912554976688533375-scaled.jpg 2560w, https:\/\/www.aemi-marine.com\/wp-content\/uploads\/2022\/05\/912554976688533375-300x225.jpg 300w, https:\/\/www.aemi-marine.com\/wp-content\/uploads\/2022\/05\/912554976688533375-1024x768.jpg 1024w, https:\/\/www.aemi-marine.com\/wp-content\/uploads\/2022\/05\/912554976688533375-768x576.jpg 768w, https:\/\/www.aemi-marine.com\/wp-content\/uploads\/2022\/05\/912554976688533375-1536x1152.jpg 1536w, https:\/\/www.aemi-marine.com\/wp-content\/uploads\/2022\/05\/912554976688533375-2048x1536.jpg 2048w\" sizes=\"auto, (max-width: 2560px) 100vw, 2560px\" \/><div class=\"wp-block-cover__inner-container is-layout-flow wp-block-cover-is-layout-flow\">\r\n<p class=\"has-text-align-center has-theme-palette-9-color has-text-color\" style=\"font-size:50px\"><strong>Radio et Communication Interne<\/strong><\/p>\r\n\r\n\r\n\r\n<p><\/p>\r\n<\/div><\/div>\r\n\r\n\r\n<style>#kt-layout-id_45a628-7b{margin-top:0px;margin-bottom:30px;}#kt-layout-id_45a628-7b > .kt-row-column-wrap{align-content:center;}:where(#kt-layout-id_45a628-7b > .kt-row-column-wrap) > .wp-block-kadence-column{justify-content:center;}#kt-layout-id_45a628-7b > .kt-row-column-wrap{column-gap:var(--global-kb-gap-none, 0rem );row-gap:var(--global-kb-gap-none, 0rem );max-width:var( --global-content-width, 1222px );padding-left:var(--global-content-edge-padding);padding-right:var(--global-content-edge-padding);padding-top:var( --global-kb-row-default-top, 25px );padding-bottom:var( --global-kb-row-default-bottom, 25px );padding-top:0px;padding-bottom:0px;padding-left:0px;padding-right:0px;grid-template-columns:minmax(0, calc(45% - ((var(--global-kb-gap-none, 0rem ) * 1 )\/2)))minmax(0, calc(55% - ((var(--global-kb-gap-none, 0rem ) * 1 )\/2)));}#kt-layout-id_45a628-7b > .kt-row-layout-overlay{opacity:0.30;}@media all and (max-width: 1024px){#kt-layout-id_45a628-7b > .kt-row-column-wrap{padding-top:30px;padding-right:100px;padding-bottom:30px;padding-left:100px;grid-template-columns:repeat(2, minmax(0, 1fr));}}@media all and (max-width: 767px){#kt-layout-id_45a628-7b{margin-top:0px;margin-bottom:0px;}#kt-layout-id_45a628-7b > .kt-row-column-wrap{padding-top:60px;padding-bottom:30px;padding-left:40px;padding-right:40px;grid-template-columns:minmax(0, 1fr);}}<\/style>\r\n<div class=\"wp-block-kadence-rowlayout alignfull\"><div id=\"kt-layout-id_45a628-7b\" class=\"kt-row-layout-inner kt-row-has-bg kt-layout-id_45a628-7b has-theme-palette-7-background-color\"><div class=\"kt-row-column-wrap kt-has-2-columns kt-gutter-none kt-v-gutter-none kt-row-valign-middle kt-row-layout-equal kt-tab-layout-inherit kt-m-colapse-left-to-right kt-mobile-layout-row  kt-custom-first-width-45  kt-custom-second-width-55 kb-theme-content-width\"><style>.kadence-column_88bc85-b5 > .kt-inside-inner-col{padding-top:20px;padding-bottom:20px;padding-left:20px;padding-right:50px;}.kadence-column_88bc85-b5 > .kt-inside-inner-col{border-top-width:0px;border-right-width:0px;border-bottom-width:0px;border-left-width:0px;}.kadence-column_88bc85-b5 > .kt-inside-inner-col,.kadence-column_88bc85-b5 > .kt-inside-inner-col:before{border-top-left-radius:0px;border-top-right-radius:0px;border-bottom-right-radius:0px;border-bottom-left-radius:0px;}.kadence-column_88bc85-b5 > .kt-inside-inner-col{column-gap:var(--global-kb-gap-sm, 1rem);}.kadence-column_88bc85-b5 > .kt-inside-inner-col{flex-direction:column;}.kadence-column_88bc85-b5 > .kt-inside-inner-col > .aligncenter{width:100%;}.kadence-column_88bc85-b5 > .kt-inside-inner-col:before{opacity:0.3;}.kadence-column_88bc85-b5{position:relative;}@media all and (max-width: 1024px){.kadence-column_88bc85-b5 > .kt-inside-inner-col{flex-direction:column;justify-content:center;}}@media all and (max-width: 767px){.kadence-column_88bc85-b5 > .kt-inside-inner-col{padding-top:0px;padding-bottom:0px;padding-left:0px;padding-right:0px;flex-direction:column;justify-content:center;}}<\/style>\r\n<div class=\"wp-block-kadence-column inner-column-1 kadence-column_88bc85-b5\"><div class=\"kt-inside-inner-col\"><style>.wp-block-kadence-advancedheading.kt-adv-heading_2d5e20-7f, .wp-block-kadence-advancedheading.kt-adv-heading_2d5e20-7f[data-kb-block=\"kb-adv-heading_2d5e20-7f\"]{margin-top:0px;margin-bottom:40px;font-size:24px;line-height:1.3em;font-weight:500;font-style:normal;font-family:Rubik;}.wp-block-kadence-advancedheading.kt-adv-heading_2d5e20-7f mark.kt-highlight, .wp-block-kadence-advancedheading.kt-adv-heading_2d5e20-7f[data-kb-block=\"kb-adv-heading_2d5e20-7f\"] mark.kt-highlight{font-style:normal;color:#f76a0c;-webkit-box-decoration-break:clone;box-decoration-break:clone;padding-top:0px;padding-right:0px;padding-bottom:0px;padding-left:0px;}.wp-block-kadence-advancedheading.kt-adv-heading_2d5e20-7f img.kb-inline-image, .wp-block-kadence-advancedheading.kt-adv-heading_2d5e20-7f[data-kb-block=\"kb-adv-heading_2d5e20-7f\"] img.kb-inline-image{width:150px;vertical-align:baseline;}<\/style>\r\n<h3 class=\"kt-adv-heading_2d5e20-7f wp-block-kadence-advancedheading\" data-kb-block=\"kb-adv-heading_2d5e20-7f\">NOS SP\u00c9CIALIT\u00c9S <\/h3>\r\n\r\n\r\n\r\n<p class=\"has-text-align-left\" style=\"font-size:17px\">&#8211; <strong>T\u00e9l\u00e9communication par satellite :<\/strong> Iridium, Inmarsat, Fleetbroadband et standard C, SSAS, LRIT, VSAT&#8230;<br><br><strong>&#8211; Radiocommunications :<\/strong> VHF fixes et portables, MF\/HF, UHF&#8230;<br><br>&#8211; <strong>Communication interne <\/strong>: Interphonie, syst\u00e8me de diffusion g\u00e9n\u00e9rale (public address), syst\u00e8me intercom sans fil et priv\u00e9.&nbsp;<br><br>&#8211; <strong>Stations SMDSM<\/strong> A1 \u00e0 A4<\/p>\r\n\r\n\r\n\r\n<p class=\"has-text-align-left\" style=\"font-size:17px\">&#8211; <strong>Energie <\/strong>: Chargeurs de batterie radio, packs de batteries&#8230;<br><br><\/p>\r\n<\/div><\/div>\r\n\r\n\r\n<style>.kadence-column_b487be-41 > .kt-inside-inner-col{padding-top:20px;padding-bottom:20px;padding-left:20px;padding-right:20px;}.kadence-column_b487be-41 > .kt-inside-inner-col{border-top-width:0px;border-right-width:0px;border-bottom-width:0px;border-left-width:0px;}.kadence-column_b487be-41 > .kt-inside-inner-col,.kadence-column_b487be-41 > .kt-inside-inner-col:before{border-top-left-radius:0px;border-top-right-radius:0px;border-bottom-right-radius:0px;border-bottom-left-radius:0px;}.kadence-column_b487be-41 > .kt-inside-inner-col{column-gap:var(--global-kb-gap-sm, 1rem);}.kadence-column_b487be-41 > .kt-inside-inner-col{flex-direction:column;}.kadence-column_b487be-41 > .kt-inside-inner-col > .aligncenter{width:100%;}.kadence-column_b487be-41 > .kt-inside-inner-col:before{opacity:0.3;}.kadence-column_b487be-41{position:relative;}@media all and (max-width: 1024px){.kadence-column_b487be-41 > .kt-inside-inner-col{flex-direction:column;justify-content:center;}}@media all and (max-width: 767px){.kadence-column_b487be-41 > .kt-inside-inner-col{padding-left:0px;padding-right:0px;flex-direction:column;justify-content:center;}}<\/style>\r\n<div class=\"wp-block-kadence-column inner-column-2 kadence-column_b487be-41\"><div class=\"kt-inside-inner-col\">\r\n<p><\/p>\r\n\r\n\r\n\r\n<figure class=\"wp-block-video\"><video height=\"1080\" style=\"aspect-ratio: 1920 \/ 1080;\" width=\"1920\" autoplay loop muted src=\"https:\/\/www.aemi-marine.com\/wp-content\/uploads\/2022\/06\/Vide\u0301o-radio-et-communication-.mp4\" playsinline><\/video><\/figure>\r\n<\/div><\/div>\r\n<\/div><\/div><\/div>\r\n\r\n\r\n<style>#kt-layout-id_f78ba4-15 > .kt-row-column-wrap{align-content:start;}:where(#kt-layout-id_f78ba4-15 > .kt-row-column-wrap) > .wp-block-kadence-column{justify-content:start;}#kt-layout-id_f78ba4-15 > .kt-row-column-wrap{column-gap:var(--global-kb-gap-md, 2rem);row-gap:var(--global-kb-gap-md, 2rem);max-width:var( --global-content-width, 1222px );padding-left:var(--global-content-edge-padding);padding-right:var(--global-content-edge-padding);padding-top:var( --global-kb-row-default-top, 25px );padding-bottom:var( --global-kb-row-default-bottom, 25px );padding-top:0px;grid-template-columns:minmax(0, 1fr);}#kt-layout-id_f78ba4-15 > .kt-row-layout-overlay{opacity:0.30;}@media all and (max-width: 1024px){#kt-layout-id_f78ba4-15 > .kt-row-column-wrap{grid-template-columns:minmax(0, 1fr);}}@media all and (max-width: 767px){#kt-layout-id_f78ba4-15 > .kt-row-column-wrap{grid-template-columns:minmax(0, 1fr);}}<\/style>\r\n<div class=\"wp-block-kadence-rowlayout alignnone\"><div id=\"kt-layout-id_f78ba4-15\" class=\"kt-row-layout-inner kt-layout-id_f78ba4-15\"><div class=\"kt-row-column-wrap kt-has-1-columns kt-gutter-default kt-v-gutter-default kt-row-valign-top kt-row-layout-equal kt-tab-layout-inherit kt-m-colapse-left-to-right kt-mobile-layout-row kb-theme-content-width\"><style>.kadence-column_e8b6e0-b2 > .kt-inside-inner-col{border-top-width:0px;border-right-width:0px;border-bottom-width:0px;border-left-width:0px;}.kadence-column_e8b6e0-b2 > .kt-inside-inner-col,.kadence-column_e8b6e0-b2 > .kt-inside-inner-col:before{border-top-left-radius:0px;border-top-right-radius:0px;border-bottom-right-radius:0px;border-bottom-left-radius:0px;}.kadence-column_e8b6e0-b2 > .kt-inside-inner-col{column-gap:var(--global-kb-gap-sm, 1rem);}.kadence-column_e8b6e0-b2 > .kt-inside-inner-col{flex-direction:column;}.kadence-column_e8b6e0-b2 > .kt-inside-inner-col > .aligncenter{width:100%;}.kadence-column_e8b6e0-b2 > .kt-inside-inner-col:before{opacity:0.3;}.kadence-column_e8b6e0-b2{position:relative;}@media all and (max-width: 1024px){.kadence-column_e8b6e0-b2 > .kt-inside-inner-col{flex-direction:column;justify-content:center;}}@media all and (max-width: 767px){.kadence-column_e8b6e0-b2 > .kt-inside-inner-col{flex-direction:column;justify-content:center;}}<\/style>\r\n<div class=\"wp-block-kadence-column inner-column-1 kadence-column_e8b6e0-b2\"><div class=\"kt-inside-inner-col\"><\/div><\/div>\r\n<\/div><\/div><\/div>\r\n\r\n\r\n<style>#kt-layout-id_76d5e3-26 > .kt-row-column-wrap{align-content:start;}:where(#kt-layout-id_76d5e3-26 > .kt-row-column-wrap) > .wp-block-kadence-column{justify-content:start;}#kt-layout-id_76d5e3-26 > .kt-row-column-wrap{column-gap:var(--global-kb-gap-md, 2rem);row-gap:var(--global-kb-gap-md, 2rem);max-width:var( --global-content-width, 1222px );padding-left:var(--global-content-edge-padding);padding-right:var(--global-content-edge-padding);padding-top:var( --global-kb-row-default-top, 25px );padding-bottom:var( --global-kb-row-default-bottom, 25px );padding-top:0px;padding-bottom:0px;grid-template-columns:minmax(0, 1fr);}#kt-layout-id_76d5e3-26 > .kt-row-layout-overlay{opacity:0.30;}@media all and (max-width: 1024px){#kt-layout-id_76d5e3-26 > .kt-row-column-wrap{grid-template-columns:minmax(0, 1fr);}}@media all and (max-width: 767px){#kt-layout-id_76d5e3-26 > .kt-row-column-wrap{grid-template-columns:minmax(0, 1fr);}}<\/style>\r\n<div class=\"wp-block-kadence-rowlayout alignnone\"><div id=\"kt-layout-id_76d5e3-26\" class=\"kt-row-layout-inner kt-layout-id_76d5e3-26\"><div class=\"kt-row-column-wrap kt-has-1-columns kt-gutter-default kt-v-gutter-default kt-row-valign-top kt-row-layout-equal kt-tab-layout-inherit kt-m-colapse-left-to-right kt-mobile-layout-row kb-theme-content-width\"><style>.kadence-column_b03130-c7 > .kt-inside-inner-col{border-top-width:0px;border-right-width:0px;border-bottom-width:0px;border-left-width:0px;}.kadence-column_b03130-c7 > .kt-inside-inner-col,.kadence-column_b03130-c7 > .kt-inside-inner-col:before{border-top-left-radius:0px;border-top-right-radius:0px;border-bottom-right-radius:0px;border-bottom-left-radius:0px;}.kadence-column_b03130-c7 > .kt-inside-inner-col{column-gap:var(--global-kb-gap-sm, 1rem);}.kadence-column_b03130-c7 > .kt-inside-inner-col{flex-direction:column;}.kadence-column_b03130-c7 > .kt-inside-inner-col > .aligncenter{width:100%;}.kadence-column_b03130-c7 > .kt-inside-inner-col:before{opacity:0.3;}.kadence-column_b03130-c7{position:relative;}@media all and (max-width: 1024px){.kadence-column_b03130-c7 > .kt-inside-inner-col{flex-direction:column;justify-content:center;}}@media all and (max-width: 767px){.kadence-column_b03130-c7 > .kt-inside-inner-col{flex-direction:column;justify-content:center;}}<\/style>\r\n<div class=\"wp-block-kadence-column inner-column-1 kadence-column_b03130-c7\"><div class=\"kt-inside-inner-col\"><\/div><\/div>\r\n<\/div><\/div><\/div>\r\n\r\n\r\n\r\n<p><\/p>\r\n","protected":false},"excerpt":{"rendered":"<p>NOS SP\u00c9CIALIT\u00c9S &#8211; T\u00e9l\u00e9communication par satellite : Iridium, Inmarsat, Fleetbroadband et standard C, SSAS, LRIT, VSAT&#8230; &#8211; Radiocommunications : VHF fixes et portables, MF\/HF, UHF&#8230; &#8211; Communication interne : Interphonie, syst\u00e8me de diffusion g\u00e9n\u00e9rale (public address), syst\u00e8me intercom sans fil et priv\u00e9.&nbsp; &#8211; Stations SMDSM A1 \u00e0 A4 &#8211; Energie : Chargeurs de batterie radio,&#8230;<\/p>","protected":false},"author":1,"featured_media":0,"parent":0,"menu_order":0,"comment_status":"closed","ping_status":"closed","template":"","meta":{"_kad_post_transparent":"","_kad_post_title":"","_kad_post_layout":"","_kad_post_sidebar_id":"","_kad_post_content_style":"","_kad_post_vertical_padding":"","_kad_post_feature":"","_kad_post_feature_position":"","_kad_post_header":false,"_kad_post_footer":false,"footnotes":""},"class_list":["post-377","page","type-page","status-publish","hentry"],"yoast_head":"<!-- This site is optimized with the Yoast SEO plugin v27.5 - https:\/\/yoast.com\/product\/yoast-seo-wordpress\/ -->\n<title>Radio et Communication interne - AEMI (Applications Electroniques Maritimes et Industrielles)<\/title>\n<meta name=\"robots\" content=\"index, follow, max-snippet:-1, max-image-preview:large, max-video-preview:-1\" \/>\n<link rel=\"canonical\" href=\"https:\/\/www.aemi-marine.com\/en\/radio-et-communication-interne\/\" \/>\n<meta property=\"og:locale\" content=\"en_US\" \/>\n<meta property=\"og:type\" content=\"article\" \/>\n<meta property=\"og:title\" content=\"Radio et Communication interne - AEMI (Applications Electroniques Maritimes et Industrielles)\" \/>\n<meta property=\"og:description\" content=\"NOS SP\u00c9CIALIT\u00c9S &#8211; T\u00e9l\u00e9communication par satellite : Iridium, Inmarsat, Fleetbroadband et standard C, SSAS, LRIT, VSAT&#8230; &#8211; Radiocommunications : VHF fixes et portables, MF\/HF, UHF&#8230; &#8211; Communication interne : Interphonie, syst\u00e8me de diffusion g\u00e9n\u00e9rale (public address), syst\u00e8me intercom sans fil et priv\u00e9.&nbsp; &#8211; Stations SMDSM A1 \u00e0 A4 &#8211; Energie : Chargeurs de batterie radio,...\" \/>\n<meta property=\"og:url\" content=\"https:\/\/www.aemi-marine.com\/en\/radio-et-communication-interne\/\" \/>\n<meta property=\"og:site_name\" content=\"AEMI (Applications Electroniques Maritimes et Industrielles)\" \/>\n<meta property=\"article:modified_time\" content=\"2022-06-09T12:35:14+00:00\" \/>\n<meta property=\"og:image\" content=\"https:\/\/www.aemi-marine.com\/wp-content\/uploads\/2022\/05\/912554976688533375-scaled.jpg\" \/>\n<meta name=\"twitter:card\" content=\"summary_large_image\" \/>\n<script type=\"application\/ld+json\" class=\"yoast-schema-graph\">{\"@context\":\"https:\\\/\\\/schema.org\",\"@graph\":[{\"@type\":\"WebPage\",\"@id\":\"https:\\\/\\\/www.aemi-marine.com\\\/en\\\/radio-et-communication-interne\\\/\",\"url\":\"https:\\\/\\\/www.aemi-marine.com\\\/en\\\/radio-et-communication-interne\\\/\",\"name\":\"Radio et Communication interne - AEMI (Applications Electroniques Maritimes et Industrielles)\",\"isPartOf\":{\"@id\":\"https:\\\/\\\/www.aemi-marine.com\\\/#website\"},\"primaryImageOfPage\":{\"@id\":\"https:\\\/\\\/www.aemi-marine.com\\\/en\\\/radio-et-communication-interne\\\/#primaryimage\"},\"image\":{\"@id\":\"https:\\\/\\\/www.aemi-marine.com\\\/en\\\/radio-et-communication-interne\\\/#primaryimage\"},\"thumbnailUrl\":\"https:\\\/\\\/www.aemi-marine.com\\\/wp-content\\\/uploads\\\/2022\\\/05\\\/912554976688533375-scaled.jpg\",\"datePublished\":\"2022-05-06T07:20:17+00:00\",\"dateModified\":\"2022-06-09T12:35:14+00:00\",\"breadcrumb\":{\"@id\":\"https:\\\/\\\/www.aemi-marine.com\\\/en\\\/radio-et-communication-interne\\\/#breadcrumb\"},\"inLanguage\":\"en-US\",\"potentialAction\":[{\"@type\":\"ReadAction\",\"target\":[\"https:\\\/\\\/www.aemi-marine.com\\\/en\\\/radio-et-communication-interne\\\/\"]}]},{\"@type\":\"ImageObject\",\"inLanguage\":\"en-US\",\"@id\":\"https:\\\/\\\/www.aemi-marine.com\\\/en\\\/radio-et-communication-interne\\\/#primaryimage\",\"url\":\"https:\\\/\\\/www.aemi-marine.com\\\/wp-content\\\/uploads\\\/2022\\\/05\\\/912554976688533375-scaled.jpg\",\"contentUrl\":\"https:\\\/\\\/www.aemi-marine.com\\\/wp-content\\\/uploads\\\/2022\\\/05\\\/912554976688533375-scaled.jpg\"},{\"@type\":\"BreadcrumbList\",\"@id\":\"https:\\\/\\\/www.aemi-marine.com\\\/en\\\/radio-et-communication-interne\\\/#breadcrumb\",\"itemListElement\":[{\"@type\":\"ListItem\",\"position\":1,\"name\":\"Accueil\",\"item\":\"https:\\\/\\\/www.aemi-marine.com\\\/\"},{\"@type\":\"ListItem\",\"position\":2,\"name\":\"Radio et Communication interne\"}]},{\"@type\":\"WebSite\",\"@id\":\"https:\\\/\\\/www.aemi-marine.com\\\/#website\",\"url\":\"https:\\\/\\\/www.aemi-marine.com\\\/\",\"name\":\"AEMI (Applications Electroniques Maritimes et Industrielles)\",\"description\":\"\",\"publisher\":{\"@id\":\"https:\\\/\\\/www.aemi-marine.com\\\/#organization\"},\"potentialAction\":[{\"@type\":\"SearchAction\",\"target\":{\"@type\":\"EntryPoint\",\"urlTemplate\":\"https:\\\/\\\/www.aemi-marine.com\\\/?s={search_term_string}\"},\"query-input\":{\"@type\":\"PropertyValueSpecification\",\"valueRequired\":true,\"valueName\":\"search_term_string\"}}],\"inLanguage\":\"en-US\"},{\"@type\":\"Organization\",\"@id\":\"https:\\\/\\\/www.aemi-marine.com\\\/#organization\",\"name\":\"AEMI (Applications Electroniques Maritimes et Industrielles)\",\"url\":\"https:\\\/\\\/www.aemi-marine.com\\\/\",\"logo\":{\"@type\":\"ImageObject\",\"inLanguage\":\"en-US\",\"@id\":\"https:\\\/\\\/www.aemi-marine.com\\\/#\\\/schema\\\/logo\\\/image\\\/\",\"url\":\"https:\\\/\\\/www.aemi-marine.com\\\/wp-content\\\/uploads\\\/2022\\\/05\\\/cropped-Bleu-Clair-Cercle-Entreprise-Logo-1.png\",\"contentUrl\":\"https:\\\/\\\/www.aemi-marine.com\\\/wp-content\\\/uploads\\\/2022\\\/05\\\/cropped-Bleu-Clair-Cercle-Entreprise-Logo-1.png\",\"width\":500,\"height\":211,\"caption\":\"AEMI (Applications Electroniques Maritimes et Industrielles)\"},\"image\":{\"@id\":\"https:\\\/\\\/www.aemi-marine.com\\\/#\\\/schema\\\/logo\\\/image\\\/\"}}]}<\/script>\n<!-- \/ Yoast SEO plugin. -->","yoast_head_json":{"title":"Radio et Communication interne - AEMI (Applications Electroniques Maritimes et Industrielles)","robots":{"index":"index","follow":"follow","max-snippet":"max-snippet:-1","max-image-preview":"max-image-preview:large","max-video-preview":"max-video-preview:-1"},"canonical":"https:\/\/www.aemi-marine.com\/en\/radio-et-communication-interne\/","og_locale":"en_US","og_type":"article","og_title":"Radio et Communication interne - AEMI (Applications Electroniques Maritimes et Industrielles)","og_description":"NOS SP\u00c9CIALIT\u00c9S &#8211; T\u00e9l\u00e9communication par satellite : Iridium, Inmarsat, Fleetbroadband et standard C, SSAS, LRIT, VSAT&#8230; &#8211; Radiocommunications : VHF fixes et portables, MF\/HF, UHF&#8230; &#8211; Communication interne : Interphonie, syst\u00e8me de diffusion g\u00e9n\u00e9rale (public address), syst\u00e8me intercom sans fil et priv\u00e9.&nbsp; &#8211; Stations SMDSM A1 \u00e0 A4 &#8211; Energie : Chargeurs de batterie radio,...","og_url":"https:\/\/www.aemi-marine.com\/en\/radio-et-communication-interne\/","og_site_name":"AEMI (Applications Electroniques Maritimes et Industrielles)","article_modified_time":"2022-06-09T12:35:14+00:00","og_image":[{"url":"https:\/\/www.aemi-marine.com\/wp-content\/uploads\/2022\/05\/912554976688533375-scaled.jpg","type":"","width":"","height":""}],"twitter_card":"summary_large_image","schema":{"@context":"https:\/\/schema.org","@graph":[{"@type":"WebPage","@id":"https:\/\/www.aemi-marine.com\/en\/radio-et-communication-interne\/","url":"https:\/\/www.aemi-marine.com\/en\/radio-et-communication-interne\/","name":"Radio et Communication interne - AEMI (Applications Electroniques Maritimes et Industrielles)","isPartOf":{"@id":"https:\/\/www.aemi-marine.com\/#website"},"primaryImageOfPage":{"@id":"https:\/\/www.aemi-marine.com\/en\/radio-et-communication-interne\/#primaryimage"},"image":{"@id":"https:\/\/www.aemi-marine.com\/en\/radio-et-communication-interne\/#primaryimage"},"thumbnailUrl":"https:\/\/www.aemi-marine.com\/wp-content\/uploads\/2022\/05\/912554976688533375-scaled.jpg","datePublished":"2022-05-06T07:20:17+00:00","dateModified":"2022-06-09T12:35:14+00:00","breadcrumb":{"@id":"https:\/\/www.aemi-marine.com\/en\/radio-et-communication-interne\/#breadcrumb"},"inLanguage":"en-US","potentialAction":[{"@type":"ReadAction","target":["https:\/\/www.aemi-marine.com\/en\/radio-et-communication-interne\/"]}]},{"@type":"ImageObject","inLanguage":"en-US","@id":"https:\/\/www.aemi-marine.com\/en\/radio-et-communication-interne\/#primaryimage","url":"https:\/\/www.aemi-marine.com\/wp-content\/uploads\/2022\/05\/912554976688533375-scaled.jpg","contentUrl":"https:\/\/www.aemi-marine.com\/wp-content\/uploads\/2022\/05\/912554976688533375-scaled.jpg"},{"@type":"BreadcrumbList","@id":"https:\/\/www.aemi-marine.com\/en\/radio-et-communication-interne\/#breadcrumb","itemListElement":[{"@type":"ListItem","position":1,"name":"Accueil","item":"https:\/\/www.aemi-marine.com\/"},{"@type":"ListItem","position":2,"name":"Radio et Communication interne"}]},{"@type":"WebSite","@id":"https:\/\/www.aemi-marine.com\/#website","url":"https:\/\/www.aemi-marine.com\/","name":"AEMI (Applications Electroniques Maritimes et Industrielles)","description":"","publisher":{"@id":"https:\/\/www.aemi-marine.com\/#organization"},"potentialAction":[{"@type":"SearchAction","target":{"@type":"EntryPoint","urlTemplate":"https:\/\/www.aemi-marine.com\/?s={search_term_string}"},"query-input":{"@type":"PropertyValueSpecification","valueRequired":true,"valueName":"search_term_string"}}],"inLanguage":"en-US"},{"@type":"Organization","@id":"https:\/\/www.aemi-marine.com\/#organization","name":"AEMI (Applications Electroniques Maritimes et Industrielles)","url":"https:\/\/www.aemi-marine.com\/","logo":{"@type":"ImageObject","inLanguage":"en-US","@id":"https:\/\/www.aemi-marine.com\/#\/schema\/logo\/image\/","url":"https:\/\/www.aemi-marine.com\/wp-content\/uploads\/2022\/05\/cropped-Bleu-Clair-Cercle-Entreprise-Logo-1.png","contentUrl":"https:\/\/www.aemi-marine.com\/wp-content\/uploads\/2022\/05\/cropped-Bleu-Clair-Cercle-Entreprise-Logo-1.png","width":500,"height":211,"caption":"AEMI (Applications Electroniques Maritimes et Industrielles)"},"image":{"@id":"https:\/\/www.aemi-marine.com\/#\/schema\/logo\/image\/"}}]}},"_links":{"self":[{"href":"https:\/\/www.aemi-marine.com\/en\/wp-json\/wp\/v2\/pages\/377","targetHints":{"allow":["GET"]}}],"collection":[{"href":"https:\/\/www.aemi-marine.com\/en\/wp-json\/wp\/v2\/pages"}],"about":[{"href":"https:\/\/www.aemi-marine.com\/en\/wp-json\/wp\/v2\/types\/page"}],"author":[{"embeddable":true,"href":"https:\/\/www.aemi-marine.com\/en\/wp-json\/wp\/v2\/users\/1"}],"replies":[{"embeddable":true,"href":"https:\/\/www.aemi-marine.com\/en\/wp-json\/wp\/v2\/comments?post=377"}],"version-history":[{"count":16,"href":"https:\/\/www.aemi-marine.com\/en\/wp-json\/wp\/v2\/pages\/377\/revisions"}],"predecessor-version":[{"id":2016,"href":"https:\/\/www.aemi-marine.com\/en\/wp-json\/wp\/v2\/pages\/377\/revisions\/2016"}],"wp:attachment":[{"href":"https:\/\/www.aemi-marine.com\/en\/wp-json\/wp\/v2\/media?parent=377"}],"curies":[{"name":"wp","href":"https:\/\/api.w.org\/{rel}","templated":true}]}}