{"id":385,"date":"2022-05-06T09:21:40","date_gmt":"2022-05-06T07:21:40","guid":{"rendered":"https:\/\/www.aemi-marine.com\/?page_id=385"},"modified":"2022-06-09T14:38:34","modified_gmt":"2022-06-09T12:38:34","slug":"informatique-multimedia","status":"publish","type":"page","link":"https:\/\/www.aemi-marine.com\/en\/informatique-multimedia\/","title":{"rendered":"Informatique Multim\u00e9dia"},"content":{"rendered":"<div class=\"wp-block-cover alignfull\" style=\"min-height:431px;aspect-ratio:unset;\"><span aria-hidden=\"true\" class=\"wp-block-cover__background has-background-dim\"><\/span><img loading=\"lazy\" decoding=\"async\" width=\"1920\" height=\"1280\" class=\"wp-block-cover__image-background wp-image-1369\" alt=\"\" src=\"https:\/\/www.aemi-marine.com\/wp-content\/uploads\/2022\/05\/010-1.jpeg\" style=\"object-position:56% 90%\" data-object-fit=\"cover\" data-object-position=\"56% 90%\" srcset=\"https:\/\/www.aemi-marine.com\/wp-content\/uploads\/2022\/05\/010-1.jpeg 1920w, https:\/\/www.aemi-marine.com\/wp-content\/uploads\/2022\/05\/010-1-300x200.jpeg 300w, https:\/\/www.aemi-marine.com\/wp-content\/uploads\/2022\/05\/010-1-1024x683.jpeg 1024w, https:\/\/www.aemi-marine.com\/wp-content\/uploads\/2022\/05\/010-1-768x512.jpeg 768w, https:\/\/www.aemi-marine.com\/wp-content\/uploads\/2022\/05\/010-1-1536x1024.jpeg 1536w\" sizes=\"auto, (max-width: 1920px) 100vw, 1920px\" \/><div class=\"wp-block-cover__inner-container is-layout-flow wp-block-cover-is-layout-flow\">\r\n<p class=\"has-text-align-center\" style=\"font-size:50px\"><strong>Computer &amp; Multimedia<\/strong><\/p>\r\n\r\n\r\n\r\n<p><\/p>\r\n<\/div><\/div>\r\n\r\n\r\n<style>#kt-layout-id_e7017d-f8{margin-top:0px;margin-bottom:30px;}#kt-layout-id_e7017d-f8 > .kt-row-column-wrap{align-content:center;}:where(#kt-layout-id_e7017d-f8 > .kt-row-column-wrap) > .wp-block-kadence-column{justify-content:center;}#kt-layout-id_e7017d-f8 > .kt-row-column-wrap{column-gap:var(--global-kb-gap-none, 0rem );row-gap:var(--global-kb-gap-none, 0rem );max-width:var( --global-content-width, 1222px );padding-left:var(--global-content-edge-padding);padding-right:var(--global-content-edge-padding);padding-top:var( --global-kb-row-default-top, 25px );padding-bottom:var( --global-kb-row-default-bottom, 25px );padding-top:0px;padding-bottom:0px;padding-left:0px;padding-right:0px;grid-template-columns:minmax(0, calc(45% - ((var(--global-kb-gap-none, 0rem ) * 1 )\/2)))minmax(0, calc(55% - ((var(--global-kb-gap-none, 0rem ) * 1 )\/2)));}#kt-layout-id_e7017d-f8 > .kt-row-layout-overlay{opacity:0.30;}@media all and (max-width: 1024px){#kt-layout-id_e7017d-f8 > .kt-row-column-wrap{padding-top:30px;padding-right:100px;padding-bottom:30px;padding-left:100px;grid-template-columns:repeat(2, minmax(0, 1fr));}}@media all and (max-width: 767px){#kt-layout-id_e7017d-f8{margin-top:0px;margin-bottom:0px;}#kt-layout-id_e7017d-f8 > .kt-row-column-wrap{padding-top:60px;padding-bottom:30px;padding-left:40px;padding-right:40px;grid-template-columns:minmax(0, 1fr);}}<\/style>\r\n<div class=\"wp-block-kadence-rowlayout alignfull\"><div id=\"kt-layout-id_e7017d-f8\" class=\"kt-row-layout-inner kt-row-has-bg kt-layout-id_e7017d-f8 has-theme-palette-7-background-color\"><div class=\"kt-row-column-wrap kt-has-2-columns kt-gutter-none kt-v-gutter-none kt-row-valign-middle kt-row-layout-equal kt-tab-layout-inherit kt-m-colapse-left-to-right kt-mobile-layout-row  kt-custom-first-width-45  kt-custom-second-width-55 kb-theme-content-width\"><style>.kadence-column_88bc85-b5 > .kt-inside-inner-col{padding-top:20px;padding-bottom:20px;padding-left:20px;padding-right:50px;}.kadence-column_88bc85-b5 > .kt-inside-inner-col{border-top-width:0px;border-right-width:0px;border-bottom-width:0px;border-left-width:0px;}.kadence-column_88bc85-b5 > .kt-inside-inner-col,.kadence-column_88bc85-b5 > .kt-inside-inner-col:before{border-top-left-radius:0px;border-top-right-radius:0px;border-bottom-right-radius:0px;border-bottom-left-radius:0px;}.kadence-column_88bc85-b5 > .kt-inside-inner-col{column-gap:var(--global-kb-gap-sm, 1rem);}.kadence-column_88bc85-b5 > .kt-inside-inner-col{flex-direction:column;}.kadence-column_88bc85-b5 > .kt-inside-inner-col > .aligncenter{width:100%;}.kadence-column_88bc85-b5 > .kt-inside-inner-col:before{opacity:0.3;}.kadence-column_88bc85-b5{position:relative;}@media all and (max-width: 1024px){.kadence-column_88bc85-b5 > .kt-inside-inner-col{flex-direction:column;justify-content:center;}}@media all and (max-width: 767px){.kadence-column_88bc85-b5 > .kt-inside-inner-col{padding-top:0px;padding-bottom:0px;padding-left:0px;padding-right:0px;flex-direction:column;justify-content:center;}}<\/style>\r\n<div class=\"wp-block-kadence-column inner-column-1 kadence-column_88bc85-b5\"><div class=\"kt-inside-inner-col\">\r\n<p style=\"font-size:20px\"><strong>AEMI offers you the study, the supply and the integration of materials in fields as varied as :<\/strong><\/p>\r\n\r\n\r\n\r\n<ul class=\"wp-block-list\" style=\"font-size:17px\"><li><strong>Onboard entertainment:<\/strong> Satellite TV, omnidirectional antennas, TV broadcasting network on board.<\/li><\/ul>\r\n\r\n\r\n\r\n<ul class=\"wp-block-list\" style=\"font-size:17px\"><li><strong>Internet access for voice and data :<\/strong><ul><li>Installation of VSAT and GSM modem, allowing to optimize the consumption on board while keeping a permanent connection.<\/li><li>Fleet Broadband and Iridium systems for connection anywhere in the world, especially in areas with limited coverage.<\/li><\/ul><\/li><\/ul>\r\n\r\n\r\n\r\n<ul class=\"wp-block-list\" style=\"font-size:17px\"><li><strong>On-board computer networks&nbsp;<\/strong>: Make easier management and control of data between professional networks and the crew.<\/li><\/ul>\r\n\r\n\r\n\r\n<ul class=\"wp-block-list\" style=\"font-size:17px\"><li><strong>Installation and maintenance <\/strong>navigation systems such as the Maxsea TimeZero solution on a Marine PC.<\/li><\/ul>\r\n<\/div><\/div>\r\n\r\n\r\n<style>.kadence-column_b487be-41 > .kt-inside-inner-col{padding-top:20px;padding-bottom:20px;padding-left:20px;padding-right:20px;}.kadence-column_b487be-41 > .kt-inside-inner-col{border-top-width:0px;border-right-width:0px;border-bottom-width:0px;border-left-width:0px;}.kadence-column_b487be-41 > .kt-inside-inner-col,.kadence-column_b487be-41 > .kt-inside-inner-col:before{border-top-left-radius:0px;border-top-right-radius:0px;border-bottom-right-radius:0px;border-bottom-left-radius:0px;}.kadence-column_b487be-41 > .kt-inside-inner-col{column-gap:var(--global-kb-gap-sm, 1rem);}.kadence-column_b487be-41 > .kt-inside-inner-col{flex-direction:column;}.kadence-column_b487be-41 > .kt-inside-inner-col > .aligncenter{width:100%;}.kadence-column_b487be-41 > .kt-inside-inner-col:before{opacity:0.3;}.kadence-column_b487be-41{position:relative;}@media all and (max-width: 1024px){.kadence-column_b487be-41 > .kt-inside-inner-col{flex-direction:column;justify-content:center;}}@media all and (max-width: 767px){.kadence-column_b487be-41 > .kt-inside-inner-col{padding-left:0px;padding-right:0px;flex-direction:column;justify-content:center;}}<\/style>\r\n<div class=\"wp-block-kadence-column inner-column-2 kadence-column_b487be-41\"><div class=\"kt-inside-inner-col\">\r\n<p><\/p>\r\n\r\n\r\n\r\n<p><\/p>\r\n\r\n\r\n\r\n<p><\/p>\r\n\r\n\r\n\r\n<figure class=\"wp-block-video\"><video height=\"1080\" style=\"aspect-ratio: 1920 \/ 1080;\" width=\"1920\" autoplay loop muted src=\"https:\/\/www.aemi-marine.com\/wp-content\/uploads\/2022\/06\/informatique-compress.mp4\" playsinline><\/video><\/figure>\r\n<\/div><\/div>\r\n<\/div><\/div><\/div>\r\n\r\n\r\n\r\n<p><\/p>","protected":false},"excerpt":{"rendered":"<p>AEMI vous propose l\u2019\u00e9tude, la fourniture et l\u2019int\u00e9gration de mat\u00e9riels dans des domaines aussi vari\u00e9s que\u00a0: La distraction \u00e0 bord\u00a0: TV par satellite, Antennes omnidirectionnelles, r\u00e9seau de diffusion TV \u00e0 bord. Acc\u00e8s internet\u00a0pour la voix et les donn\u00e9es\u00a0: Installation de VSAT et de modem GSM, permettant d\u2019optimiser les consommations \u00e0 bord tout en conservant une&#8230;<\/p>","protected":false},"author":1,"featured_media":0,"parent":0,"menu_order":0,"comment_status":"closed","ping_status":"closed","template":"","meta":{"_kad_post_transparent":"","_kad_post_title":"","_kad_post_layout":"","_kad_post_sidebar_id":"","_kad_post_content_style":"","_kad_post_vertical_padding":"","_kad_post_feature":"","_kad_post_feature_position":"","_kad_post_header":false,"_kad_post_footer":false,"footnotes":""},"class_list":["post-385","page","type-page","status-publish","hentry"],"yoast_head":"<!-- This site is optimized with the Yoast SEO plugin v27.5 - https:\/\/yoast.com\/product\/yoast-seo-wordpress\/ -->\n<title>Informatique Multim\u00e9dia - AEMI (Applications Electroniques Maritimes et Industrielles)<\/title>\n<meta name=\"robots\" content=\"index, follow, max-snippet:-1, max-image-preview:large, max-video-preview:-1\" \/>\n<link rel=\"canonical\" href=\"https:\/\/www.aemi-marine.com\/en\/informatique-multimedia\/\" \/>\n<meta property=\"og:locale\" content=\"en_US\" \/>\n<meta property=\"og:type\" content=\"article\" \/>\n<meta property=\"og:title\" content=\"Informatique Multim\u00e9dia - AEMI (Applications Electroniques Maritimes et Industrielles)\" \/>\n<meta property=\"og:description\" content=\"AEMI vous propose l\u2019\u00e9tude, la fourniture et l\u2019int\u00e9gration de mat\u00e9riels dans des domaines aussi vari\u00e9s que\u00a0: La distraction \u00e0 bord\u00a0: TV par satellite, Antennes omnidirectionnelles, r\u00e9seau de diffusion TV \u00e0 bord. Acc\u00e8s internet\u00a0pour la voix et les donn\u00e9es\u00a0: Installation de VSAT et de modem GSM, permettant d\u2019optimiser les consommations \u00e0 bord tout en conservant une...\" \/>\n<meta property=\"og:url\" content=\"https:\/\/www.aemi-marine.com\/en\/informatique-multimedia\/\" \/>\n<meta property=\"og:site_name\" content=\"AEMI (Applications Electroniques Maritimes et Industrielles)\" \/>\n<meta property=\"article:modified_time\" content=\"2022-06-09T12:38:34+00:00\" \/>\n<meta property=\"og:image\" content=\"https:\/\/www.aemi-marine.com\/wp-content\/uploads\/2022\/05\/010-1.jpeg\" \/>\n<meta name=\"twitter:card\" content=\"summary_large_image\" \/>\n<meta name=\"twitter:label1\" content=\"Est. reading time\" \/>\n\t<meta name=\"twitter:data1\" content=\"1 minute\" \/>\n<script type=\"application\/ld+json\" class=\"yoast-schema-graph\">{\"@context\":\"https:\\\/\\\/schema.org\",\"@graph\":[{\"@type\":\"WebPage\",\"@id\":\"https:\\\/\\\/www.aemi-marine.com\\\/en\\\/informatique-multimedia\\\/\",\"url\":\"https:\\\/\\\/www.aemi-marine.com\\\/en\\\/informatique-multimedia\\\/\",\"name\":\"Informatique Multim\u00e9dia - AEMI (Applications Electroniques Maritimes et Industrielles)\",\"isPartOf\":{\"@id\":\"https:\\\/\\\/www.aemi-marine.com\\\/#website\"},\"primaryImageOfPage\":{\"@id\":\"https:\\\/\\\/www.aemi-marine.com\\\/en\\\/informatique-multimedia\\\/#primaryimage\"},\"image\":{\"@id\":\"https:\\\/\\\/www.aemi-marine.com\\\/en\\\/informatique-multimedia\\\/#primaryimage\"},\"thumbnailUrl\":\"https:\\\/\\\/www.aemi-marine.com\\\/wp-content\\\/uploads\\\/2022\\\/05\\\/010-1.jpeg\",\"datePublished\":\"2022-05-06T07:21:40+00:00\",\"dateModified\":\"2022-06-09T12:38:34+00:00\",\"breadcrumb\":{\"@id\":\"https:\\\/\\\/www.aemi-marine.com\\\/en\\\/informatique-multimedia\\\/#breadcrumb\"},\"inLanguage\":\"en-US\",\"potentialAction\":[{\"@type\":\"ReadAction\",\"target\":[\"https:\\\/\\\/www.aemi-marine.com\\\/en\\\/informatique-multimedia\\\/\"]}]},{\"@type\":\"ImageObject\",\"inLanguage\":\"en-US\",\"@id\":\"https:\\\/\\\/www.aemi-marine.com\\\/en\\\/informatique-multimedia\\\/#primaryimage\",\"url\":\"https:\\\/\\\/www.aemi-marine.com\\\/wp-content\\\/uploads\\\/2022\\\/05\\\/010-1.jpeg\",\"contentUrl\":\"https:\\\/\\\/www.aemi-marine.com\\\/wp-content\\\/uploads\\\/2022\\\/05\\\/010-1.jpeg\"},{\"@type\":\"BreadcrumbList\",\"@id\":\"https:\\\/\\\/www.aemi-marine.com\\\/en\\\/informatique-multimedia\\\/#breadcrumb\",\"itemListElement\":[{\"@type\":\"ListItem\",\"position\":1,\"name\":\"Accueil\",\"item\":\"https:\\\/\\\/www.aemi-marine.com\\\/\"},{\"@type\":\"ListItem\",\"position\":2,\"name\":\"Informatique Multim\u00e9dia\"}]},{\"@type\":\"WebSite\",\"@id\":\"https:\\\/\\\/www.aemi-marine.com\\\/#website\",\"url\":\"https:\\\/\\\/www.aemi-marine.com\\\/\",\"name\":\"AEMI (Applications Electroniques Maritimes et Industrielles)\",\"description\":\"\",\"publisher\":{\"@id\":\"https:\\\/\\\/www.aemi-marine.com\\\/#organization\"},\"potentialAction\":[{\"@type\":\"SearchAction\",\"target\":{\"@type\":\"EntryPoint\",\"urlTemplate\":\"https:\\\/\\\/www.aemi-marine.com\\\/?s={search_term_string}\"},\"query-input\":{\"@type\":\"PropertyValueSpecification\",\"valueRequired\":true,\"valueName\":\"search_term_string\"}}],\"inLanguage\":\"en-US\"},{\"@type\":\"Organization\",\"@id\":\"https:\\\/\\\/www.aemi-marine.com\\\/#organization\",\"name\":\"AEMI (Applications Electroniques Maritimes et Industrielles)\",\"url\":\"https:\\\/\\\/www.aemi-marine.com\\\/\",\"logo\":{\"@type\":\"ImageObject\",\"inLanguage\":\"en-US\",\"@id\":\"https:\\\/\\\/www.aemi-marine.com\\\/#\\\/schema\\\/logo\\\/image\\\/\",\"url\":\"https:\\\/\\\/www.aemi-marine.com\\\/wp-content\\\/uploads\\\/2022\\\/05\\\/cropped-Bleu-Clair-Cercle-Entreprise-Logo-1.png\",\"contentUrl\":\"https:\\\/\\\/www.aemi-marine.com\\\/wp-content\\\/uploads\\\/2022\\\/05\\\/cropped-Bleu-Clair-Cercle-Entreprise-Logo-1.png\",\"width\":500,\"height\":211,\"caption\":\"AEMI (Applications Electroniques Maritimes et Industrielles)\"},\"image\":{\"@id\":\"https:\\\/\\\/www.aemi-marine.com\\\/#\\\/schema\\\/logo\\\/image\\\/\"}}]}<\/script>\n<!-- \/ Yoast SEO plugin. -->","yoast_head_json":{"title":"Informatique Multim\u00e9dia - AEMI (Applications Electroniques Maritimes et Industrielles)","robots":{"index":"index","follow":"follow","max-snippet":"max-snippet:-1","max-image-preview":"max-image-preview:large","max-video-preview":"max-video-preview:-1"},"canonical":"https:\/\/www.aemi-marine.com\/en\/informatique-multimedia\/","og_locale":"en_US","og_type":"article","og_title":"Informatique Multim\u00e9dia - AEMI (Applications Electroniques Maritimes et Industrielles)","og_description":"AEMI vous propose l\u2019\u00e9tude, la fourniture et l\u2019int\u00e9gration de mat\u00e9riels dans des domaines aussi vari\u00e9s que\u00a0: La distraction \u00e0 bord\u00a0: TV par satellite, Antennes omnidirectionnelles, r\u00e9seau de diffusion TV \u00e0 bord. Acc\u00e8s internet\u00a0pour la voix et les donn\u00e9es\u00a0: Installation de VSAT et de modem GSM, permettant d\u2019optimiser les consommations \u00e0 bord tout en conservant une...","og_url":"https:\/\/www.aemi-marine.com\/en\/informatique-multimedia\/","og_site_name":"AEMI (Applications Electroniques Maritimes et Industrielles)","article_modified_time":"2022-06-09T12:38:34+00:00","og_image":[{"url":"https:\/\/www.aemi-marine.com\/wp-content\/uploads\/2022\/05\/010-1.jpeg","type":"","width":"","height":""}],"twitter_card":"summary_large_image","twitter_misc":{"Est. reading time":"1 minute"},"schema":{"@context":"https:\/\/schema.org","@graph":[{"@type":"WebPage","@id":"https:\/\/www.aemi-marine.com\/en\/informatique-multimedia\/","url":"https:\/\/www.aemi-marine.com\/en\/informatique-multimedia\/","name":"Informatique Multim\u00e9dia - AEMI (Applications Electroniques Maritimes et Industrielles)","isPartOf":{"@id":"https:\/\/www.aemi-marine.com\/#website"},"primaryImageOfPage":{"@id":"https:\/\/www.aemi-marine.com\/en\/informatique-multimedia\/#primaryimage"},"image":{"@id":"https:\/\/www.aemi-marine.com\/en\/informatique-multimedia\/#primaryimage"},"thumbnailUrl":"https:\/\/www.aemi-marine.com\/wp-content\/uploads\/2022\/05\/010-1.jpeg","datePublished":"2022-05-06T07:21:40+00:00","dateModified":"2022-06-09T12:38:34+00:00","breadcrumb":{"@id":"https:\/\/www.aemi-marine.com\/en\/informatique-multimedia\/#breadcrumb"},"inLanguage":"en-US","potentialAction":[{"@type":"ReadAction","target":["https:\/\/www.aemi-marine.com\/en\/informatique-multimedia\/"]}]},{"@type":"ImageObject","inLanguage":"en-US","@id":"https:\/\/www.aemi-marine.com\/en\/informatique-multimedia\/#primaryimage","url":"https:\/\/www.aemi-marine.com\/wp-content\/uploads\/2022\/05\/010-1.jpeg","contentUrl":"https:\/\/www.aemi-marine.com\/wp-content\/uploads\/2022\/05\/010-1.jpeg"},{"@type":"BreadcrumbList","@id":"https:\/\/www.aemi-marine.com\/en\/informatique-multimedia\/#breadcrumb","itemListElement":[{"@type":"ListItem","position":1,"name":"Accueil","item":"https:\/\/www.aemi-marine.com\/"},{"@type":"ListItem","position":2,"name":"Informatique Multim\u00e9dia"}]},{"@type":"WebSite","@id":"https:\/\/www.aemi-marine.com\/#website","url":"https:\/\/www.aemi-marine.com\/","name":"AEMI (Applications Electroniques Maritimes et Industrielles)","description":"","publisher":{"@id":"https:\/\/www.aemi-marine.com\/#organization"},"potentialAction":[{"@type":"SearchAction","target":{"@type":"EntryPoint","urlTemplate":"https:\/\/www.aemi-marine.com\/?s={search_term_string}"},"query-input":{"@type":"PropertyValueSpecification","valueRequired":true,"valueName":"search_term_string"}}],"inLanguage":"en-US"},{"@type":"Organization","@id":"https:\/\/www.aemi-marine.com\/#organization","name":"AEMI (Applications Electroniques Maritimes et Industrielles)","url":"https:\/\/www.aemi-marine.com\/","logo":{"@type":"ImageObject","inLanguage":"en-US","@id":"https:\/\/www.aemi-marine.com\/#\/schema\/logo\/image\/","url":"https:\/\/www.aemi-marine.com\/wp-content\/uploads\/2022\/05\/cropped-Bleu-Clair-Cercle-Entreprise-Logo-1.png","contentUrl":"https:\/\/www.aemi-marine.com\/wp-content\/uploads\/2022\/05\/cropped-Bleu-Clair-Cercle-Entreprise-Logo-1.png","width":500,"height":211,"caption":"AEMI (Applications Electroniques Maritimes et Industrielles)"},"image":{"@id":"https:\/\/www.aemi-marine.com\/#\/schema\/logo\/image\/"}}]}},"_links":{"self":[{"href":"https:\/\/www.aemi-marine.com\/en\/wp-json\/wp\/v2\/pages\/385","targetHints":{"allow":["GET"]}}],"collection":[{"href":"https:\/\/www.aemi-marine.com\/en\/wp-json\/wp\/v2\/pages"}],"about":[{"href":"https:\/\/www.aemi-marine.com\/en\/wp-json\/wp\/v2\/types\/page"}],"author":[{"embeddable":true,"href":"https:\/\/www.aemi-marine.com\/en\/wp-json\/wp\/v2\/users\/1"}],"replies":[{"embeddable":true,"href":"https:\/\/www.aemi-marine.com\/en\/wp-json\/wp\/v2\/comments?post=385"}],"version-history":[{"count":20,"href":"https:\/\/www.aemi-marine.com\/en\/wp-json\/wp\/v2\/pages\/385\/revisions"}],"predecessor-version":[{"id":2020,"href":"https:\/\/www.aemi-marine.com\/en\/wp-json\/wp\/v2\/pages\/385\/revisions\/2020"}],"wp:attachment":[{"href":"https:\/\/www.aemi-marine.com\/en\/wp-json\/wp\/v2\/media?parent=385"}],"curies":[{"name":"wp","href":"https:\/\/api.w.org\/{rel}","templated":true}]}}